{"id":191,"date":"2021-07-22T02:00:10","date_gmt":"2021-07-22T02:00:10","guid":{"rendered":"https:\/\/ego.com.pt\/noites\/?page_id=191"},"modified":"2022-02-17T19:32:28","modified_gmt":"2022-02-17T19:32:28","slug":"contactos","status":"publish","type":"page","link":"https:\/\/sometambi.pt\/_hck\/contactos\/","title":{"rendered":"Contactos"},"content":{"rendered":"<p>[et_pb_section fb_built=&#8221;1&#8243; fullwidth=&#8221;on&#8221; _builder_version=&#8221;4.9.10&#8243; _module_preset=&#8221;default&#8221; global_colors_info=&#8221;{}&#8221;][et_pb_fullwidth_code _builder_version=&#8221;4.9.10&#8243; _module_preset=&#8221;default&#8221; global_colors_info=&#8221;{}&#8221;]<iframe src=\"https:\/\/www.google.com\/maps\/embed?pb=!1m14!1m8!1m3!1d12480.66556855105!2d-7.9107844!3d38.55298!3m2!1i1024!2i768!4f13.1!3m3!1m2!1s0x0%3A0x224d49beb9f59974!2sSometambi%20-%20Sociedade%20Metalomec%C3%A2nica%20de%20Equipamentos%20T%C3%A9cnicos%20e%20do%20Ambiente%2C%20Lda.!5e0!3m2!1spt-PT!2spt!4v1627746230027!5m2!1spt-PT!2spt\" width=\"100%\" height=\"500\"  style=\"border:0;\" allowfullscreen=\"\" loading=\"lazy\"><\/iframe>[\/et_pb_fullwidth_code][\/et_pb_section][et_pb_section fb_built=&#8221;1&#8243; _builder_version=&#8221;3.22&#8243; global_colors_info=&#8221;{}&#8221;][et_pb_row column_structure=&#8221;2_5,3_5&#8243; _builder_version=&#8221;3.25&#8243; background_size=&#8221;initial&#8221; background_position=&#8221;top_left&#8221; background_repeat=&#8221;repeat&#8221; global_colors_info=&#8221;{}&#8221;][et_pb_column type=&#8221;2_5&#8243; _builder_version=&#8221;3.25&#8243; custom_padding=&#8221;|||&#8221; global_colors_info=&#8221;{}&#8221; custom_padding__hover=&#8221;|||&#8221;][et_pb_image src=&#8221;https:\/\/sometambi.pt\/_hck\/_hck\/wp-content\/uploads\/sometambi-metalomecanica-c.svg&#8221; _builder_version=&#8221;4.9.10&#8243; _module_preset=&#8221;default&#8221; max_width=&#8221;320px&#8221; global_colors_info=&#8221;{}&#8221;][\/et_pb_image][et_pb_text _builder_version=&#8221;4.9.10&#8243; _module_preset=&#8221;default&#8221; global_colors_info=&#8221;{}&#8221;]<\/p>\n<h4><strong>Sometambi Metalomec\u00e2nica.<\/strong><\/h4>\n<p>Rua Circular Sul, 41<br \/>\nParque Industrial e Tecnol\u00f3gico de \u00c9vora<br \/>\nApartado 31, 7005-326 \u00c9VORA<br \/>\nPortugal<\/p>\n<p><a href=\"mailto:sometambi@sometambi.pt\">sometambi@sometambi.pt<\/a><\/p>\n<p>Telefone:<br \/>\n<a href=\"tel:+351266750250\">+351 266 745 920<\/a><\/p>\n<p><strong>NIF:<\/strong> 503 821 128<\/p>\n<p><strong>Hor\u00e1rio de Funcionamento:<\/strong><br \/>\nSegunda a sexta-feira das 8H00 \u00e0s 18H00[\/et_pb_text][\/et_pb_column][et_pb_column type=&#8221;3_5&#8243; _builder_version=&#8221;3.25&#8243; custom_padding=&#8221;|||&#8221; global_colors_info=&#8221;{}&#8221; custom_padding__hover=&#8221;|||&#8221;][et_pb_contact_form use_spam_service=&#8221;on&#8221; recaptcha_list=&#8221;Somefe|Somefe-0&#8243; email=&#8221;sometambi@sometambi.pt&#8221; custom_message=&#8221;Contacto a partir de sometambi.pt||et_pb_line_break_holder||&#8212;&#8212;&#8212;&#8212;&#8212;&#8212;&#8212;&#8212;&#8212;&#8212;&#8212;&#8212;&#8212;&#8212;&#8211;||et_pb_line_break_holder||||et_pb_line_break_holder||Nome:||et_pb_line_break_holder||%%Name%%||et_pb_line_break_holder||||et_pb_line_break_holder||E-mail:||et_pb_line_break_holder||%%Email%%||et_pb_line_break_holder||||et_pb_line_break_holder||Telf:||et_pb_line_break_holder||%%Phone%%||et_pb_line_break_holder||||et_pb_line_break_holder||Assunto:||et_pb_line_break_holder||%%Assunto%%||et_pb_line_break_holder||||et_pb_line_break_holder||Mensagem:||et_pb_line_break_holder||%%Message%%&#8221; success_message=&#8221;Obrigado pelo seu contacto.&#8221; submit_button_text=&#8221;Enviar Mensagem&#8221; _builder_version=&#8221;4.14.7&#8243; _module_preset=&#8221;default&#8221; _unique_id=&#8221;a45404d6-97a9-446c-a8f0-4cfd11a6072a&#8221; hover_enabled=&#8221;0&#8243; global_colors_info=&#8221;{}&#8221; sticky_enabled=&#8221;0&#8243;][et_pb_contact_field field_id=&#8221;Name&#8221; field_title=&#8221;Nome&#8221; _builder_version=&#8221;4.9.10&#8243; global_colors_info=&#8221;{}&#8221; button_text_size__hover_enabled=&#8221;off&#8221; button_one_text_size__hover_enabled=&#8221;off&#8221; button_two_text_size__hover_enabled=&#8221;off&#8221; button_text_color__hover_enabled=&#8221;off&#8221; button_one_text_color__hover_enabled=&#8221;off&#8221; button_two_text_color__hover_enabled=&#8221;off&#8221; button_border_width__hover_enabled=&#8221;off&#8221; button_one_border_width__hover_enabled=&#8221;off&#8221; button_two_border_width__hover_enabled=&#8221;off&#8221; button_border_color__hover_enabled=&#8221;off&#8221; button_one_border_color__hover_enabled=&#8221;off&#8221; button_two_border_color__hover_enabled=&#8221;off&#8221; button_border_radius__hover_enabled=&#8221;off&#8221; button_one_border_radius__hover_enabled=&#8221;off&#8221; button_two_border_radius__hover_enabled=&#8221;off&#8221; button_letter_spacing__hover_enabled=&#8221;off&#8221; button_one_letter_spacing__hover_enabled=&#8221;off&#8221; button_two_letter_spacing__hover_enabled=&#8221;off&#8221; button_bg_color__hover_enabled=&#8221;off&#8221; button_one_bg_color__hover_enabled=&#8221;off&#8221; button_two_bg_color__hover_enabled=&#8221;off&#8221;][\/et_pb_contact_field][et_pb_contact_field field_id=&#8221;Email&#8221; field_title=&#8221;E-Mail&#8221; field_type=&#8221;email&#8221; _builder_version=&#8221;4.9.10&#8243; global_colors_info=&#8221;{}&#8221; button_text_size__hover_enabled=&#8221;off&#8221; button_one_text_size__hover_enabled=&#8221;off&#8221; button_two_text_size__hover_enabled=&#8221;off&#8221; button_text_color__hover_enabled=&#8221;off&#8221; button_one_text_color__hover_enabled=&#8221;off&#8221; button_two_text_color__hover_enabled=&#8221;off&#8221; button_border_width__hover_enabled=&#8221;off&#8221; button_one_border_width__hover_enabled=&#8221;off&#8221; button_two_border_width__hover_enabled=&#8221;off&#8221; button_border_color__hover_enabled=&#8221;off&#8221; button_one_border_color__hover_enabled=&#8221;off&#8221; button_two_border_color__hover_enabled=&#8221;off&#8221; button_border_radius__hover_enabled=&#8221;off&#8221; button_one_border_radius__hover_enabled=&#8221;off&#8221; button_two_border_radius__hover_enabled=&#8221;off&#8221; button_letter_spacing__hover_enabled=&#8221;off&#8221; button_one_letter_spacing__hover_enabled=&#8221;off&#8221; button_two_letter_spacing__hover_enabled=&#8221;off&#8221; button_bg_color__hover_enabled=&#8221;off&#8221; button_one_bg_color__hover_enabled=&#8221;off&#8221; button_two_bg_color__hover_enabled=&#8221;off&#8221;][\/et_pb_contact_field][et_pb_contact_field field_id=&#8221;Phone&#8221; field_title=&#8221;Telefone&#8221; allowed_symbols=&#8221;numbers&#8221; required_mark=&#8221;off&#8221; fullwidth_field=&#8221;on&#8221; _builder_version=&#8221;4.9.10&#8243; global_colors_info=&#8221;{}&#8221; button_text_size__hover_enabled=&#8221;off&#8221; button_one_text_size__hover_enabled=&#8221;off&#8221; button_two_text_size__hover_enabled=&#8221;off&#8221; button_text_color__hover_enabled=&#8221;off&#8221; button_one_text_color__hover_enabled=&#8221;off&#8221; button_two_text_color__hover_enabled=&#8221;off&#8221; button_border_width__hover_enabled=&#8221;off&#8221; button_one_border_width__hover_enabled=&#8221;off&#8221; button_two_border_width__hover_enabled=&#8221;off&#8221; button_border_color__hover_enabled=&#8221;off&#8221; button_one_border_color__hover_enabled=&#8221;off&#8221; button_two_border_color__hover_enabled=&#8221;off&#8221; button_border_radius__hover_enabled=&#8221;off&#8221; button_one_border_radius__hover_enabled=&#8221;off&#8221; button_two_border_radius__hover_enabled=&#8221;off&#8221; button_letter_spacing__hover_enabled=&#8221;off&#8221; button_one_letter_spacing__hover_enabled=&#8221;off&#8221; button_two_letter_spacing__hover_enabled=&#8221;off&#8221; button_bg_color__hover_enabled=&#8221;off&#8221; button_one_bg_color__hover_enabled=&#8221;off&#8221; button_two_bg_color__hover_enabled=&#8221;off&#8221;][\/et_pb_contact_field][et_pb_contact_field field_id=&#8221;Assunto&#8221; field_title=&#8221;Assunto&#8221; fullwidth_field=&#8221;on&#8221; _builder_version=&#8221;4.9.10&#8243; _module_preset=&#8221;default&#8221; global_colors_info=&#8221;{}&#8221;][\/et_pb_contact_field][et_pb_contact_field field_id=&#8221;Message&#8221; field_title=&#8221;Mensagem&#8221; field_type=&#8221;text&#8221; fullwidth_field=&#8221;on&#8221; _builder_version=&#8221;4.9.10&#8243; global_colors_info=&#8221;{}&#8221; button_text_size__hover_enabled=&#8221;off&#8221; button_one_text_size__hover_enabled=&#8221;off&#8221; button_two_text_size__hover_enabled=&#8221;off&#8221; button_text_color__hover_enabled=&#8221;off&#8221; button_one_text_color__hover_enabled=&#8221;off&#8221; button_two_text_color__hover_enabled=&#8221;off&#8221; button_border_width__hover_enabled=&#8221;off&#8221; button_one_border_width__hover_enabled=&#8221;off&#8221; button_two_border_width__hover_enabled=&#8221;off&#8221; button_border_color__hover_enabled=&#8221;off&#8221; button_one_border_color__hover_enabled=&#8221;off&#8221; button_two_border_color__hover_enabled=&#8221;off&#8221; button_border_radius__hover_enabled=&#8221;off&#8221; button_one_border_radius__hover_enabled=&#8221;off&#8221; button_two_border_radius__hover_enabled=&#8221;off&#8221; button_letter_spacing__hover_enabled=&#8221;off&#8221; button_one_letter_spacing__hover_enabled=&#8221;off&#8221; button_two_letter_spacing__hover_enabled=&#8221;off&#8221; button_bg_color__hover_enabled=&#8221;off&#8221; button_one_bg_color__hover_enabled=&#8221;off&#8221; button_two_bg_color__hover_enabled=&#8221;off&#8221;][\/et_pb_contact_field][\/et_pb_contact_form][\/et_pb_column][\/et_pb_row][\/et_pb_section]<\/p>\n","protected":false},"excerpt":{"rendered":"<p>Sometambi Metalomec\u00e2nica. Rua Circular Sul, 41 Parque Industrial e Tecnol\u00f3gico de \u00c9vora Apartado 31, 7005-326 \u00c9VORA Portugal sometambi@sometambi.pt Telefone: +351 266 745 920 NIF: 503 821 128 Hor\u00e1rio de Funcionamento: Segunda a sexta-feira das 8H00 \u00e0s 18H00<\/p>\n","protected":false},"author":2,"featured_media":0,"parent":0,"menu_order":0,"comment_status":"closed","ping_status":"closed","template":"","meta":{"_et_pb_use_builder":"on","_et_pb_old_content":"<!-- wp:paragraph -->\r\n<p>This is an example page. It's different from a blog post because it will stay in one place and will show up in your site navigation (in most themes). Most people start with an About page that introduces them to potential site visitors. It might say something like this:<\/p>\r\n<!-- \/wp:paragraph --><!-- wp:quote -->\r\n<blockquote class=\"wp-block-quote\">\r\n<p>Hi there! I'm a bike messenger by day, aspiring actor by night, and this is my website. I live in Los Angeles, have a great dog named Jack, and I like pi\u00f1a coladas. (And gettin' caught in the rain.)<\/p>\r\n<\/blockquote>\r\n<!-- \/wp:quote --><!-- wp:paragraph -->\r\n<p>...or something like this:<\/p>\r\n<!-- \/wp:paragraph --><!-- wp:quote -->\r\n<blockquote class=\"wp-block-quote\">\r\n<p>The XYZ Doohickey Company was founded in 1971, and has been providing quality doohickeys to the public ever since. Located in Gotham City, XYZ employs over 2,000 people and does all kinds of awesome things for the Gotham community.<\/p>\r\n<\/blockquote>\r\n<!-- \/wp:quote --><!-- wp:paragraph -->\r\n<p>As a new WordPress user, you should go to <a href=\"https:\/\/ego.com.pt\/noites\/wp-admin\/\">your dashboard<\/a> to delete this page and create new pages for your content. Have fun!<\/p>\r\n<!-- \/wp:paragraph -->","_et_gb_content_width":"","footnotes":""},"class_list":["post-191","page","type-page","status-publish","hentry"],"yoast_head":"<!-- This site is optimized with the Yoast SEO plugin v27.5 - https:\/\/yoast.com\/product\/yoast-seo-wordpress\/ -->\n<title>Contactos - Sometambi - Sociedade Metalomec\u00e2nica de Equipamentos T\u00e9cnicos e do Ambiente, Lda<\/title>\n<meta name=\"robots\" content=\"index, follow, max-snippet:-1, max-image-preview:large, max-video-preview:-1\" \/>\n<link rel=\"canonical\" href=\"https:\/\/sometambi.pt\/_hck\/contactos\/\" \/>\n<meta property=\"og:locale\" content=\"pt_PT\" \/>\n<meta property=\"og:type\" content=\"article\" \/>\n<meta property=\"og:title\" content=\"Contactos - Sometambi - Sociedade Metalomec\u00e2nica de Equipamentos T\u00e9cnicos e do Ambiente, Lda\" \/>\n<meta property=\"og:description\" content=\"Sometambi Metalomec\u00e2nica. Rua Circular Sul, 41 Parque Industrial e Tecnol\u00f3gico de \u00c9vora Apartado 31, 7005-326 \u00c9VORA Portugal sometambi@sometambi.pt Telefone: +351 266 745 920 NIF: 503 821 128 Hor\u00e1rio de Funcionamento: Segunda a sexta-feira das 8H00 \u00e0s 18H00\" \/>\n<meta property=\"og:url\" content=\"https:\/\/sometambi.pt\/_hck\/contactos\/\" \/>\n<meta property=\"og:site_name\" content=\"Sometambi - Sociedade Metalomec\u00e2nica de Equipamentos T\u00e9cnicos e do Ambiente, Lda\" \/>\n<meta property=\"article:modified_time\" content=\"2022-02-17T19:32:28+00:00\" \/>\n<meta name=\"twitter:card\" content=\"summary_large_image\" \/>\n<meta name=\"twitter:label1\" content=\"Tempo estimado de leitura\" \/>\n\t<meta name=\"twitter:data1\" content=\"5 minutos\" \/>\n<script type=\"application\/ld+json\" class=\"yoast-schema-graph\">{\"@context\":\"https:\\\/\\\/schema.org\",\"@graph\":[{\"@type\":\"WebPage\",\"@id\":\"https:\\\/\\\/sometambi.pt\\\/_hck\\\/contactos\\\/\",\"url\":\"https:\\\/\\\/sometambi.pt\\\/_hck\\\/contactos\\\/\",\"name\":\"Contactos - Sometambi - Sociedade Metalomec\u00e2nica de Equipamentos T\u00e9cnicos e do Ambiente, Lda\",\"isPartOf\":{\"@id\":\"https:\\\/\\\/sometambi.pt\\\/_hck\\\/_hck\\\/#website\"},\"datePublished\":\"2021-07-22T02:00:10+00:00\",\"dateModified\":\"2022-02-17T19:32:28+00:00\",\"inLanguage\":\"pt-PT\",\"potentialAction\":[{\"@type\":\"ReadAction\",\"target\":[\"https:\\\/\\\/sometambi.pt\\\/_hck\\\/contactos\\\/\"]}]},{\"@type\":\"WebSite\",\"@id\":\"https:\\\/\\\/sometambi.pt\\\/_hck\\\/_hck\\\/#website\",\"url\":\"https:\\\/\\\/sometambi.pt\\\/_hck\\\/_hck\\\/\",\"name\":\"Sometambi - Sociedade Metalomec\u00e2nica de Equipamentos T\u00e9cnicos e do Ambiente, Lda\",\"description\":\"Servi\u00e7os de Serralharia Civil, de Ferro, Alum\u00ednio, Inox, estruturas met\u00e1licas, equipamentos para ETAs e ETARs\",\"potentialAction\":[{\"@type\":\"SearchAction\",\"target\":{\"@type\":\"EntryPoint\",\"urlTemplate\":\"https:\\\/\\\/sometambi.pt\\\/_hck\\\/_hck\\\/?s={search_term_string}\"},\"query-input\":{\"@type\":\"PropertyValueSpecification\",\"valueRequired\":true,\"valueName\":\"search_term_string\"}}],\"inLanguage\":\"pt-PT\"}]}<\/script>\n<!-- \/ Yoast SEO plugin. -->","yoast_head_json":{"title":"Contactos - Sometambi - Sociedade Metalomec\u00e2nica de Equipamentos T\u00e9cnicos e do Ambiente, Lda","robots":{"index":"index","follow":"follow","max-snippet":"max-snippet:-1","max-image-preview":"max-image-preview:large","max-video-preview":"max-video-preview:-1"},"canonical":"https:\/\/sometambi.pt\/_hck\/contactos\/","og_locale":"pt_PT","og_type":"article","og_title":"Contactos - Sometambi - Sociedade Metalomec\u00e2nica de Equipamentos T\u00e9cnicos e do Ambiente, Lda","og_description":"Sometambi Metalomec\u00e2nica. Rua Circular Sul, 41 Parque Industrial e Tecnol\u00f3gico de \u00c9vora Apartado 31, 7005-326 \u00c9VORA Portugal sometambi@sometambi.pt Telefone: +351 266 745 920 NIF: 503 821 128 Hor\u00e1rio de Funcionamento: Segunda a sexta-feira das 8H00 \u00e0s 18H00","og_url":"https:\/\/sometambi.pt\/_hck\/contactos\/","og_site_name":"Sometambi - Sociedade Metalomec\u00e2nica de Equipamentos T\u00e9cnicos e do Ambiente, Lda","article_modified_time":"2022-02-17T19:32:28+00:00","twitter_card":"summary_large_image","twitter_misc":{"Tempo estimado de leitura":"5 minutos"},"schema":{"@context":"https:\/\/schema.org","@graph":[{"@type":"WebPage","@id":"https:\/\/sometambi.pt\/_hck\/contactos\/","url":"https:\/\/sometambi.pt\/_hck\/contactos\/","name":"Contactos - Sometambi - Sociedade Metalomec\u00e2nica de Equipamentos T\u00e9cnicos e do Ambiente, Lda","isPartOf":{"@id":"https:\/\/sometambi.pt\/_hck\/_hck\/#website"},"datePublished":"2021-07-22T02:00:10+00:00","dateModified":"2022-02-17T19:32:28+00:00","inLanguage":"pt-PT","potentialAction":[{"@type":"ReadAction","target":["https:\/\/sometambi.pt\/_hck\/contactos\/"]}]},{"@type":"WebSite","@id":"https:\/\/sometambi.pt\/_hck\/_hck\/#website","url":"https:\/\/sometambi.pt\/_hck\/_hck\/","name":"Sometambi - Sociedade Metalomec\u00e2nica de Equipamentos T\u00e9cnicos e do Ambiente, Lda","description":"Servi\u00e7os de Serralharia Civil, de Ferro, Alum\u00ednio, Inox, estruturas met\u00e1licas, equipamentos para ETAs e ETARs","potentialAction":[{"@type":"SearchAction","target":{"@type":"EntryPoint","urlTemplate":"https:\/\/sometambi.pt\/_hck\/_hck\/?s={search_term_string}"},"query-input":{"@type":"PropertyValueSpecification","valueRequired":true,"valueName":"search_term_string"}}],"inLanguage":"pt-PT"}]}},"_links":{"self":[{"href":"https:\/\/sometambi.pt\/_hck\/wp-json\/wp\/v2\/pages\/191","targetHints":{"allow":["GET"]}}],"collection":[{"href":"https:\/\/sometambi.pt\/_hck\/wp-json\/wp\/v2\/pages"}],"about":[{"href":"https:\/\/sometambi.pt\/_hck\/wp-json\/wp\/v2\/types\/page"}],"author":[{"embeddable":true,"href":"https:\/\/sometambi.pt\/_hck\/wp-json\/wp\/v2\/users\/2"}],"replies":[{"embeddable":true,"href":"https:\/\/sometambi.pt\/_hck\/wp-json\/wp\/v2\/comments?post=191"}],"version-history":[{"count":9,"href":"https:\/\/sometambi.pt\/_hck\/wp-json\/wp\/v2\/pages\/191\/revisions"}],"predecessor-version":[{"id":1068,"href":"https:\/\/sometambi.pt\/_hck\/wp-json\/wp\/v2\/pages\/191\/revisions\/1068"}],"wp:attachment":[{"href":"https:\/\/sometambi.pt\/_hck\/wp-json\/wp\/v2\/media?parent=191"}],"curies":[{"name":"wp","href":"https:\/\/api.w.org\/{rel}","templated":true}]}}