{"id":143,"date":"2021-07-21T16:35:43","date_gmt":"2021-07-21T16:35:43","guid":{"rendered":"https:\/\/ego.com.pt\/noites\/?page_id=143"},"modified":"2024-12-11T16:55:10","modified_gmt":"2024-12-11T16:55:10","slug":"historia","status":"publish","type":"page","link":"https:\/\/sometambi.pt\/_hck\/historia\/","title":{"rendered":"Hist\u00f3ria"},"content":{"rendered":"<p>[et_pb_section fb_built=&#8221;1&#8243; fullwidth=&#8221;on&#8221; _builder_version=&#8221;4.16&#8243; _module_preset=&#8221;default&#8221; global_colors_info=&#8221;{}&#8221;][et_pb_fullwidth_header title=&#8221; &#8221; admin_label=&#8221;Fullwidth Header&#8221; _builder_version=&#8221;4.16&#8243; _module_preset=&#8221;default&#8221; background_image=&#8221;https:\/\/sometambi.pt\/_hck\/_hck\/wp-content\/uploads\/2021\/12\/fachada-scaled.jpg&#8221; min_height=&#8221;500px&#8221; min_height_tablet=&#8221;370px&#8221; min_height_phone=&#8221;200px&#8221; min_height_last_edited=&#8221;on|phone&#8221; locked=&#8221;off&#8221; global_colors_info=&#8221;{}&#8221;][\/et_pb_fullwidth_header][\/et_pb_section][et_pb_section fb_built=&#8221;1&#8243; _builder_version=&#8221;4.16&#8243; custom_padding=&#8221;||0px||false|false&#8221; locked=&#8221;off&#8221; global_colors_info=&#8221;{}&#8221;][et_pb_row _builder_version=&#8221;4.16&#8243; background_size=&#8221;initial&#8221; background_position=&#8221;top_left&#8221; background_repeat=&#8221;repeat&#8221; global_colors_info=&#8221;{}&#8221;][et_pb_column type=&#8221;4_4&#8243; _builder_version=&#8221;4.16&#8243; custom_padding=&#8221;|||&#8221; global_colors_info=&#8221;{}&#8221; custom_padding__hover=&#8221;|||&#8221;][et_pb_text _builder_version=&#8221;4.16&#8243; header_text_color=&#8221;gcid-4afe587d-254c-461a-bf1f-592ebe1e0381&#8243; header_2_text_align=&#8221;center&#8221; header_2_text_color=&#8221;gcid-4afe587d-254c-461a-bf1f-592ebe1e0381&#8243; header_4_text_align=&#8221;center&#8221; background_size=&#8221;initial&#8221; background_position=&#8221;top_left&#8221; background_repeat=&#8221;repeat&#8221; global_colors_info=&#8221;{%22gcid-4afe587d-254c-461a-bf1f-592ebe1e0381%22:%91%22header_text_color%22,%22header_2_text_color%22%93}&#8221;]<\/p>\n<h4>Quem Somos<\/h4>\n<h2>Hist\u00f3ria<\/h2>\n<p>[\/et_pb_text][et_pb_text _builder_version=&#8221;4.16&#8243; _module_preset=&#8221;default&#8221; global_colors_info=&#8221;{}&#8221;]<\/p>\n<p>A Sometambi foi fundada em 1997, resultado da autonomiza\u00e7\u00e3o\u00a0da se\u00e7\u00e3o de Serralharia e Metalomec\u00e2nica da empresa SOMEFE \u2013 Sociedade de Metais e Fundi\u00e7\u00e3o, Lda., aquando da desativa\u00e7\u00e3o da atividade de fundi\u00e7\u00e3o de ferrosos da SOMEFE.<\/p>\n<p>Iniciou a sua atividade em 1997 num pavilh\u00e3o de 1.000m2, na Rua da Fundi\u00e7\u00e3o no Parque Industrial e Tecnol\u00f3gico de \u00c9vora (PITE).<\/p>\n<p>Com necessidade de expans\u00e3o da sua atividade em Janeiro de 2005, foi realizada a escritura de aquisi\u00e7\u00e3o dos dois lotes de terrenos na Rua Circular Sul no PITE num total de 3.600m2, onde desde ent\u00e3o a SOMETAMBI desenvolve a sua atividade produtiva num armaz\u00e9m de 980m2 mais 240m2 de \u00e1rea administrativa.<\/p>\n<p>[\/et_pb_text][et_pb_divider color=&#8221;#d8d8d8&#8243; _builder_version=&#8221;4.16&#8243; _module_preset=&#8221;default&#8221; width=&#8221;80%&#8221; module_alignment=&#8221;center&#8221; custom_margin=&#8221;40px||||false|false&#8221; global_colors_info=&#8221;{}&#8221;][\/et_pb_divider][\/et_pb_column][\/et_pb_row][\/et_pb_section][et_pb_section fb_built=&#8221;1&#8243; _builder_version=&#8221;4.16&#8243; _module_preset=&#8221;default&#8221; custom_padding=&#8221;0px||||false|false&#8221; locked=&#8221;off&#8221; global_colors_info=&#8221;{}&#8221;][et_pb_row _builder_version=&#8221;4.16&#8243; _module_preset=&#8221;default&#8221; locked=&#8221;off&#8221; global_colors_info=&#8221;{}&#8221;][et_pb_column type=&#8221;4_4&#8243; _builder_version=&#8221;4.16&#8243; _module_preset=&#8221;default&#8221; global_colors_info=&#8221;{}&#8221;][dsm_masonry_gallery gallery_ids=&#8221;783,777,1012,1014,1017,1013,1015,1016&#8243; dsm_sort_images=&#8221;off&#8221; use_lightbox=&#8221;on&#8221; use_zoom_on_hover=&#8221;on&#8221; _builder_version=&#8221;4.27.4&#8243; _module_preset=&#8221;default&#8221; hover_enabled=&#8221;0&#8243; global_colors_info=&#8221;{}&#8221; locked=&#8221;off&#8221; sticky_enabled=&#8221;0&#8243;][\/dsm_masonry_gallery][\/et_pb_column][\/et_pb_row][\/et_pb_section]<\/p>\n","protected":false},"excerpt":{"rendered":"<p>Quem Somos Hist\u00f3riaA Sometambi foi fundada em 1997, resultado da autonomiza\u00e7\u00e3o\u00a0da se\u00e7\u00e3o de Serralharia e Metalomec\u00e2nica da empresa SOMEFE \u2013 Sociedade de Metais e Fundi\u00e7\u00e3o, Lda., aquando da desativa\u00e7\u00e3o da atividade de fundi\u00e7\u00e3o de ferrosos da SOMEFE. Iniciou a sua atividade em 1997 num pavilh\u00e3o de 1.000m2, na Rua da Fundi\u00e7\u00e3o no Parque Industrial e [&hellip;]<\/p>\n","protected":false},"author":2,"featured_media":0,"parent":0,"menu_order":0,"comment_status":"closed","ping_status":"closed","template":"","meta":{"_et_pb_use_builder":"on","_et_pb_old_content":"<!-- wp:paragraph -->\r\n<p>This is an example page. It's different from a blog post because it will stay in one place and will show up in your site navigation (in most themes). Most people start with an About page that introduces them to potential site visitors. It might say something like this:<\/p>\r\n<!-- \/wp:paragraph --><!-- wp:quote -->\r\n<blockquote class=\"wp-block-quote\">\r\n<p>Hi there! I'm a bike messenger by day, aspiring actor by night, and this is my website. I live in Los Angeles, have a great dog named Jack, and I like pi\u00f1a coladas. (And gettin' caught in the rain.)<\/p>\r\n<\/blockquote>\r\n<!-- \/wp:quote --><!-- wp:paragraph -->\r\n<p>...or something like this:<\/p>\r\n<!-- \/wp:paragraph --><!-- wp:quote -->\r\n<blockquote class=\"wp-block-quote\">\r\n<p>The XYZ Doohickey Company was founded in 1971, and has been providing quality doohickeys to the public ever since. Located in Gotham City, XYZ employs over 2,000 people and does all kinds of awesome things for the Gotham community.<\/p>\r\n<\/blockquote>\r\n<!-- \/wp:quote --><!-- wp:paragraph -->\r\n<p>As a new WordPress user, you should go to <a href=\"https:\/\/ego.com.pt\/noites\/wp-admin\/\">your dashboard<\/a> to delete this page and create new pages for your content. Have fun!<\/p>\r\n<!-- \/wp:paragraph -->","_et_gb_content_width":"","footnotes":""},"class_list":["post-143","page","type-page","status-publish","hentry"],"yoast_head":"<!-- This site is optimized with the Yoast SEO plugin v27.5 - https:\/\/yoast.com\/product\/yoast-seo-wordpress\/ -->\n<title>Hist\u00f3ria - Sometambi - Sociedade Metalomec\u00e2nica de Equipamentos T\u00e9cnicos e do Ambiente, Lda<\/title>\n<meta name=\"robots\" content=\"index, follow, max-snippet:-1, max-image-preview:large, max-video-preview:-1\" \/>\n<link rel=\"canonical\" href=\"https:\/\/sometambi.pt\/_hck\/historia\/\" \/>\n<meta property=\"og:locale\" content=\"pt_PT\" \/>\n<meta property=\"og:type\" content=\"article\" \/>\n<meta property=\"og:title\" content=\"Hist\u00f3ria - Sometambi - Sociedade Metalomec\u00e2nica de Equipamentos T\u00e9cnicos e do Ambiente, Lda\" \/>\n<meta property=\"og:description\" content=\"Quem Somos Hist\u00f3riaA Sometambi foi fundada em 1997, resultado da autonomiza\u00e7\u00e3o\u00a0da se\u00e7\u00e3o de Serralharia e Metalomec\u00e2nica da empresa SOMEFE \u2013 Sociedade de Metais e Fundi\u00e7\u00e3o, Lda., aquando da desativa\u00e7\u00e3o da atividade de fundi\u00e7\u00e3o de ferrosos da SOMEFE. Iniciou a sua atividade em 1997 num pavilh\u00e3o de 1.000m2, na Rua da Fundi\u00e7\u00e3o no Parque Industrial e [&hellip;]\" \/>\n<meta property=\"og:url\" content=\"https:\/\/sometambi.pt\/_hck\/historia\/\" \/>\n<meta property=\"og:site_name\" content=\"Sometambi - Sociedade Metalomec\u00e2nica de Equipamentos T\u00e9cnicos e do Ambiente, Lda\" \/>\n<meta property=\"article:modified_time\" content=\"2024-12-11T16:55:10+00:00\" \/>\n<meta name=\"twitter:card\" content=\"summary_large_image\" \/>\n<meta name=\"twitter:label1\" content=\"Tempo estimado de leitura\" \/>\n\t<meta name=\"twitter:data1\" content=\"3 minutos\" \/>\n<script type=\"application\/ld+json\" class=\"yoast-schema-graph\">{\"@context\":\"https:\\\/\\\/schema.org\",\"@graph\":[{\"@type\":\"WebPage\",\"@id\":\"https:\\\/\\\/sometambi.pt\\\/_hck\\\/historia\\\/\",\"url\":\"https:\\\/\\\/sometambi.pt\\\/_hck\\\/historia\\\/\",\"name\":\"Hist\u00f3ria - Sometambi - Sociedade Metalomec\u00e2nica de Equipamentos T\u00e9cnicos e do Ambiente, Lda\",\"isPartOf\":{\"@id\":\"https:\\\/\\\/sometambi.pt\\\/_hck\\\/_hck\\\/#website\"},\"datePublished\":\"2021-07-21T16:35:43+00:00\",\"dateModified\":\"2024-12-11T16:55:10+00:00\",\"inLanguage\":\"pt-PT\",\"potentialAction\":[{\"@type\":\"ReadAction\",\"target\":[\"https:\\\/\\\/sometambi.pt\\\/_hck\\\/historia\\\/\"]}]},{\"@type\":\"WebSite\",\"@id\":\"https:\\\/\\\/sometambi.pt\\\/_hck\\\/_hck\\\/#website\",\"url\":\"https:\\\/\\\/sometambi.pt\\\/_hck\\\/_hck\\\/\",\"name\":\"Sometambi - Sociedade Metalomec\u00e2nica de Equipamentos T\u00e9cnicos e do Ambiente, Lda\",\"description\":\"Servi\u00e7os de Serralharia Civil, de Ferro, Alum\u00ednio, Inox, estruturas met\u00e1licas, equipamentos para ETAs e ETARs\",\"potentialAction\":[{\"@type\":\"SearchAction\",\"target\":{\"@type\":\"EntryPoint\",\"urlTemplate\":\"https:\\\/\\\/sometambi.pt\\\/_hck\\\/_hck\\\/?s={search_term_string}\"},\"query-input\":{\"@type\":\"PropertyValueSpecification\",\"valueRequired\":true,\"valueName\":\"search_term_string\"}}],\"inLanguage\":\"pt-PT\"}]}<\/script>\n<!-- \/ Yoast SEO plugin. -->","yoast_head_json":{"title":"Hist\u00f3ria - Sometambi - Sociedade Metalomec\u00e2nica de Equipamentos T\u00e9cnicos e do Ambiente, Lda","robots":{"index":"index","follow":"follow","max-snippet":"max-snippet:-1","max-image-preview":"max-image-preview:large","max-video-preview":"max-video-preview:-1"},"canonical":"https:\/\/sometambi.pt\/_hck\/historia\/","og_locale":"pt_PT","og_type":"article","og_title":"Hist\u00f3ria - Sometambi - Sociedade Metalomec\u00e2nica de Equipamentos T\u00e9cnicos e do Ambiente, Lda","og_description":"Quem Somos Hist\u00f3riaA Sometambi foi fundada em 1997, resultado da autonomiza\u00e7\u00e3o\u00a0da se\u00e7\u00e3o de Serralharia e Metalomec\u00e2nica da empresa SOMEFE \u2013 Sociedade de Metais e Fundi\u00e7\u00e3o, Lda., aquando da desativa\u00e7\u00e3o da atividade de fundi\u00e7\u00e3o de ferrosos da SOMEFE. Iniciou a sua atividade em 1997 num pavilh\u00e3o de 1.000m2, na Rua da Fundi\u00e7\u00e3o no Parque Industrial e [&hellip;]","og_url":"https:\/\/sometambi.pt\/_hck\/historia\/","og_site_name":"Sometambi - Sociedade Metalomec\u00e2nica de Equipamentos T\u00e9cnicos e do Ambiente, Lda","article_modified_time":"2024-12-11T16:55:10+00:00","twitter_card":"summary_large_image","twitter_misc":{"Tempo estimado de leitura":"3 minutos"},"schema":{"@context":"https:\/\/schema.org","@graph":[{"@type":"WebPage","@id":"https:\/\/sometambi.pt\/_hck\/historia\/","url":"https:\/\/sometambi.pt\/_hck\/historia\/","name":"Hist\u00f3ria - Sometambi - Sociedade Metalomec\u00e2nica de Equipamentos T\u00e9cnicos e do Ambiente, Lda","isPartOf":{"@id":"https:\/\/sometambi.pt\/_hck\/_hck\/#website"},"datePublished":"2021-07-21T16:35:43+00:00","dateModified":"2024-12-11T16:55:10+00:00","inLanguage":"pt-PT","potentialAction":[{"@type":"ReadAction","target":["https:\/\/sometambi.pt\/_hck\/historia\/"]}]},{"@type":"WebSite","@id":"https:\/\/sometambi.pt\/_hck\/_hck\/#website","url":"https:\/\/sometambi.pt\/_hck\/_hck\/","name":"Sometambi - Sociedade Metalomec\u00e2nica de Equipamentos T\u00e9cnicos e do Ambiente, Lda","description":"Servi\u00e7os de Serralharia Civil, de Ferro, Alum\u00ednio, Inox, estruturas met\u00e1licas, equipamentos para ETAs e ETARs","potentialAction":[{"@type":"SearchAction","target":{"@type":"EntryPoint","urlTemplate":"https:\/\/sometambi.pt\/_hck\/_hck\/?s={search_term_string}"},"query-input":{"@type":"PropertyValueSpecification","valueRequired":true,"valueName":"search_term_string"}}],"inLanguage":"pt-PT"}]}},"_links":{"self":[{"href":"https:\/\/sometambi.pt\/_hck\/wp-json\/wp\/v2\/pages\/143","targetHints":{"allow":["GET"]}}],"collection":[{"href":"https:\/\/sometambi.pt\/_hck\/wp-json\/wp\/v2\/pages"}],"about":[{"href":"https:\/\/sometambi.pt\/_hck\/wp-json\/wp\/v2\/types\/page"}],"author":[{"embeddable":true,"href":"https:\/\/sometambi.pt\/_hck\/wp-json\/wp\/v2\/users\/2"}],"replies":[{"embeddable":true,"href":"https:\/\/sometambi.pt\/_hck\/wp-json\/wp\/v2\/comments?post=143"}],"version-history":[{"count":18,"href":"https:\/\/sometambi.pt\/_hck\/wp-json\/wp\/v2\/pages\/143\/revisions"}],"predecessor-version":[{"id":1099,"href":"https:\/\/sometambi.pt\/_hck\/wp-json\/wp\/v2\/pages\/143\/revisions\/1099"}],"wp:attachment":[{"href":"https:\/\/sometambi.pt\/_hck\/wp-json\/wp\/v2\/media?parent=143"}],"curies":[{"name":"wp","href":"https:\/\/api.w.org\/{rel}","templated":true}]}}